{"id":13,"date":"2015-10-15T13:48:39","date_gmt":"2015-10-15T13:48:39","guid":{"rendered":"http:\/\/wpoffice\/construction\/?page_id=2"},"modified":"2023-07-25T15:43:52","modified_gmt":"2023-07-25T18:43:52","slug":"projects","status":"publish","type":"page","link":"https:\/\/globetrans.com.br\/site\/projects\/","title":{"rendered":"Projects"},"content":{"rendered":"<div  id=\"av-sc-portfolio-1\"  class=\"av-portfolio-grid-sorting-container\"><div class='sort_width_container  av-sort-yes' data-portfolio-id='1' ><div id='js_sort_items' ><div class='sort_by_cat '><a href=\"#\" data-filter=\"all_sort\" class=\"all_sort_button active_sort\"><span class=\"inner_sort_button\"><span>Todos<\/span><small class=\"av-cat-count\"> 4 <\/small><\/span><\/a><span class=\"text-sep commodities_sort_sep\">\/<\/span><a href=\"#\" data-filter=\"commodities_sort\" class=\"commodities_sort_button\" ><span class=\"inner_sort_button\"><span>Commodities<\/span><small class=\"av-cat-count\"> 1 <\/small><\/span><\/a><span class=\"text-sep materiais-quimicos_sort_sep\">\/<\/span><a href=\"#\" data-filter=\"materiais-quimicos_sort\" class=\"materiais-quimicos_sort_button\" ><span class=\"inner_sort_button\"><span>Materiais Qu\u00edmicos<\/span><small class=\"av-cat-count\"> 1 <\/small><\/span><\/a><span class=\"text-sep mega-cubo_sort_sep\">\/<\/span><a href=\"#\" data-filter=\"mega-cubo_sort\" class=\"mega-cubo_sort_button\" ><span class=\"inner_sort_button\"><span>Mega cubo<\/span><small class=\"av-cat-count\"> 1 <\/small><\/span><\/a><span class=\"text-sep projeto-norte-conectado_sort_sep\">\/<\/span><a href=\"#\" data-filter=\"projeto-norte-conectado_sort\" class=\"projeto-norte-conectado_sort_button\" ><span class=\"inner_sort_button\"><span>Projeto Norte Conectado<\/span><small class=\"av-cat-count\"> 1 <\/small><\/span><\/a><\/div><\/div><\/div><div class='portfolio_preview_container ' data-portfolio-id='1'>\n\t\t\t\t\t\t\t\t<div class='ajax_controlls iconfont'>\n\t\t\t\t\t\t\t\t\t<a href='#prev' class='ajax_previous' \taria-hidden='true' data-av_icon='\ue878' data-av_iconfont='entypo-fontello'><\/a>\n\t\t\t\t\t\t\t\t\t<a href='#next' class='ajax_next'\t\taria-hidden='true' data-av_icon='\ue879' data-av_iconfont='entypo-fontello'><\/a>\n\t\t\t\t\t\t\t\t\t<a class='avia_close' href='#close'\t\taria-hidden='true' data-av_icon='\ue814' data-av_iconfont='entypo-fontello'><\/a>\n\t\t\t\t\t\t\t\t<\/div>\n\t\t\t\t\t\t\t\t<div class='portfolio-details-inner'><\/div>\n\t\t\t\t\t\t\t<\/div><div  class=' grid-sort-container isotope   no_margin-container with-excerpt-container grid-total-even grid-col-4 grid-links-ajax' data-portfolio-id='1'><div data-ajax-id='238' class=' grid-entry flex_column isotope-item all_sort no_margin post-entry post-entry-238 grid-entry-overview grid-loop-1 grid-parity-odd  commodities_sort  av_one_fourth first default_av_fullwidth '><article class='main_color inner-entry'  itemscope=\"itemscope\" itemtype=\"https:\/\/schema.org\/CreativeWork\" ><a href=\"https:\/\/globetrans.com.br\/site\/portfolio-item\/commodities-acucar\/\" title='Commodities A\u00e7\u00facar'  data-rel='grid-1' class='grid-image avia-hover-fx'> <img width=\"710\" height=\"375\" src=\"https:\/\/globetrans.com.br\/site\/wp-content\/uploads\/2015\/10\/MSKU-0279-Loaded-2-710x375.jpeg\" class=\"wp-image-566 avia-img-lazy-loading-not-566 attachment-magazine size-magazine wp-post-image\" alt=\"\" decoding=\"async\" \/><\/a><div class='grid-content'><div class='avia-arrow'><\/div><header class=\"entry-content-header\"><h3 class='grid-entry-title entry-title '  itemprop=\"headline\" ><a href='https:\/\/globetrans.com.br\/site\/portfolio-item\/commodities-acucar\/' title='Commodities A\u00e7\u00facar'>Commodities A\u00e7\u00facar<\/a><\/h3><\/header><div class='grid-entry-excerpt entry-content'  itemprop=\"text\" >O objetivo da estufagem em cont\u00eainer \u00e9 garantir que o a\u00e7\u00facar chegue ao seu destino final em boas condi\u00e7\u00f5es, sem excesso de umidade que possa afetar sua qualidade ou durabilidade.<\/div><\/div><footer class=\"entry-footer\"><\/footer><\/article><\/div><div data-ajax-id='237' class=' grid-entry flex_column isotope-item all_sort no_margin post-entry post-entry-237 grid-entry-overview grid-loop-2 grid-parity-even  mega-cubo_sort  av_one_fourth  default_av_fullwidth '><article class='main_color inner-entry'  itemscope=\"itemscope\" itemtype=\"https:\/\/schema.org\/CreativeWork\" ><a href=\"https:\/\/globetrans.com.br\/site\/portfolio-item\/mega-cubo\/\" title='Mega Cubo'  data-rel='grid-1' class='grid-image avia-hover-fx'> <img width=\"710\" height=\"375\" src=\"https:\/\/globetrans.com.br\/site\/wp-content\/uploads\/2015\/10\/E3-710x375.jpeg\" class=\"wp-image-577 avia-img-lazy-loading-not-577 attachment-magazine size-magazine wp-post-image\" alt=\"\" decoding=\"async\" \/><\/a><div class='grid-content'><div class='avia-arrow'><\/div><header class=\"entry-content-header\"><h3 class='grid-entry-title entry-title '  itemprop=\"headline\" ><a href='https:\/\/globetrans.com.br\/site\/portfolio-item\/mega-cubo\/' title='Mega Cubo'>Mega Cubo<\/a><\/h3><\/header><div class='grid-entry-excerpt entry-content'  itemprop=\"text\" >Aenean massa. Cum sociis natoque penatibus et magnis dis parturient montes, nascetur ridiculus mus. <\/div><\/div><footer class=\"entry-footer\"><\/footer><\/article><\/div><div data-ajax-id='105' class=' grid-entry flex_column isotope-item all_sort no_margin post-entry post-entry-105 grid-entry-overview grid-loop-3 grid-parity-odd  materiais-quimicos_sort  av_one_fourth  default_av_fullwidth '><article class='main_color inner-entry'  itemscope=\"itemscope\" itemtype=\"https:\/\/schema.org\/CreativeWork\" ><a href=\"https:\/\/globetrans.com.br\/site\/portfolio-item\/materiais-quimicos\/\" title='Materiais Qu\u00edmicos'  data-rel='grid-1' class='grid-image avia-hover-fx'> <img width=\"710\" height=\"375\" src=\"https:\/\/globetrans.com.br\/site\/wp-content\/uploads\/2022\/10\/DSC05134T-710x375.jpg\" class=\"wp-image-666 avia-img-lazy-loading-not-666 attachment-magazine size-magazine wp-post-image\" alt=\"\" decoding=\"async\" \/><\/a><div class='grid-content'><div class='avia-arrow'><\/div><header class=\"entry-content-header\"><h3 class='grid-entry-title entry-title '  itemprop=\"headline\" ><a href='https:\/\/globetrans.com.br\/site\/portfolio-item\/materiais-quimicos\/' title='Materiais Qu\u00edmicos'>Materiais Qu\u00edmicos<\/a><\/h3><\/header><div class='grid-entry-excerpt entry-content'  itemprop=\"text\" >Carregamento de produtos qu\u00edmicos seguindo rigorosamente as normas de seguran\u00e7a<\/div><\/div><footer class=\"entry-footer\"><\/footer><\/article><\/div><div data-ajax-id='106' class=' grid-entry flex_column isotope-item all_sort no_margin post-entry post-entry-106 grid-entry-overview grid-loop-4 grid-parity-even  post-entry-last  projeto-norte-conectado_sort  av_one_fourth  default_av_fullwidth '><article class='main_color inner-entry'  itemscope=\"itemscope\" itemtype=\"https:\/\/schema.org\/CreativeWork\" ><a href=\"https:\/\/globetrans.com.br\/site\/portfolio-item\/projeto-norte-conectado\/\" title='Projeto Norte Conectado'  data-rel='grid-1' class='grid-image avia-hover-fx'> <img width=\"710\" height=\"375\" src=\"https:\/\/globetrans.com.br\/site\/wp-content\/uploads\/2015\/10\/H2-710x375.jpeg\" class=\"wp-image-584 avia-img-lazy-loading-not-584 attachment-magazine size-magazine wp-post-image\" alt=\"\" decoding=\"async\" \/><\/a><div class='grid-content'><div class='avia-arrow'><\/div><header class=\"entry-content-header\"><h3 class='grid-entry-title entry-title '  itemprop=\"headline\" ><a href='https:\/\/globetrans.com.br\/site\/portfolio-item\/projeto-norte-conectado\/' title='Projeto Norte Conectado'>Projeto Norte Conectado<\/a><\/h3><\/header><div class='grid-entry-excerpt entry-content'  itemprop=\"text\" >O Programa Norte Conectado foi criado pelo Minist\u00e9rio das Comunica\u00e7\u00f5es (MCOM) com a miss\u00e3o de expandir a infraestrutura de comunica\u00e7\u00f5es na Regi\u00e3o Amaz\u00f4nica.\n<\/div><\/div><footer class=\"entry-footer\"><\/footer><\/article><\/div><\/div><\/div>   <!--   class=\"av-portfolio-grid-sorting-container\"  -->\n","protected":false},"excerpt":{"rendered":"","protected":false},"author":1,"featured_media":0,"parent":0,"menu_order":0,"comment_status":"closed","ping_status":"closed","template":"","meta":[],"_links":{"self":[{"href":"https:\/\/globetrans.com.br\/site\/wp-json\/wp\/v2\/pages\/13"}],"collection":[{"href":"https:\/\/globetrans.com.br\/site\/wp-json\/wp\/v2\/pages"}],"about":[{"href":"https:\/\/globetrans.com.br\/site\/wp-json\/wp\/v2\/types\/page"}],"author":[{"embeddable":true,"href":"https:\/\/globetrans.com.br\/site\/wp-json\/wp\/v2\/users\/1"}],"replies":[{"embeddable":true,"href":"https:\/\/globetrans.com.br\/site\/wp-json\/wp\/v2\/comments?post=13"}],"version-history":[{"count":8,"href":"https:\/\/globetrans.com.br\/site\/wp-json\/wp\/v2\/pages\/13\/revisions"}],"predecessor-version":[{"id":602,"href":"https:\/\/globetrans.com.br\/site\/wp-json\/wp\/v2\/pages\/13\/revisions\/602"}],"wp:attachment":[{"href":"https:\/\/globetrans.com.br\/site\/wp-json\/wp\/v2\/media?parent=13"}],"curies":[{"name":"wp","href":"https:\/\/api.w.org\/{rel}","templated":true}]}}