{"id":23,"date":"2015-10-15T15:32:40","date_gmt":"2015-10-15T18:32:40","guid":{"rendered":"http:\/\/wpoffice\/construction\/?page_id=23"},"modified":"2023-10-31T12:07:41","modified_gmt":"2023-10-31T15:07:41","slug":"contato","status":"publish","type":"page","link":"https:\/\/globetrans.com.br\/site\/contato\/","title":{"rendered":"Contato"},"content":{"rendered":"<p><div   class='avia-fullscreen-slider main_color   avia-builder-el-0  el_before_av_two_third  avia-builder-el-first  container_wrap sidebar_right'  ><div  class='avia-slideshow av-lki8pyk7-d48c427308a066bc5dcfaf3f72993003 av-control-default avia-slideshow-extra_large av_fullscreen avia-slide-slider av-default-height-applied   avia-slideshow-1'  data-size='extra_large'  data-lightbox_size='large'  data-animation='slide'  data-conditional_play=''  data-ids='471'  data-video_counter='0'  data-autoplay='false'  data-bg_slider='true'  data-slide_height='100'  data-handle='av_fullscreen'  data-interval='5'  data-class=''  data-extra_class=' '  data-el_id=''  data-css_id='fullscreen_slider_1'  data-scroll_down=''  data-control_layout='av-control-default'  data-custom_markup=''  data-perma_caption=''  data-autoplay_stopper=''  data-image_attachment=''  data-min_height='0px'  data-lazy_loading='disabled'  data-default-height='66.7333333333'  data-img_scrset=''  data-av-desktop-hide=''  data-av-medium-hide=''  data-av-small-hide=''  data-av-mini-hide=''  data-id=''  data-custom_class=''  data-template_class=''  data-av_uid='av-lki8pyk7'  data-sc_version='1.0'  data-stretch=''  data-heading_tag=''  data-heading_class=''   itemprop=\"image\" itemscope=\"itemscope\" itemtype=\"https:\/\/schema.org\/ImageObject\" ><ul class='avia-slideshow-inner ' style='padding-bottom: 66.7333333333%;'><li style='background-position:center center;' data-img-url='https:\/\/globetrans.com.br\/site\/wp-content\/uploads\/2023\/07\/office-desktop-with-laptop-business-man-1500x1001.jpg' class='avia-slideshow-slide av-lki8pyk7-d48c427308a066bc5dcfaf3f72993003__0  av-single-slide slide-1 ' ><div data-rel='slideshow-1' class='avia-slide-wrap '   ><\/div><\/li><\/ul><\/div><\/div><div id='after_full_slider_1'  class='main_color av_default_container_wrap container_wrap sidebar_right'  ><div class='container av-section-cont-open' ><div class='template-page content  av-content-small alpha units'><div class='post-entry post-entry-type-page post-entry-23'><div class='entry-content-wrapper clearfix'><br \/>\n\n<style type=\"text\/css\" data-created_by=\"avia_inline_auto\" id=\"style-css-av-9ahwz-870329b3e9173ec7066e5fa4795eb191\">\n.flex_column.av-9ahwz-870329b3e9173ec7066e5fa4795eb191{\nborder-radius:0px 0px 0px 0px;\n-webkit-border-radius:0px 0px 0px 0px;\n-moz-border-radius:0px 0px 0px 0px;\n}\n<\/style>\n<div class='flex_column av-9ahwz-870329b3e9173ec7066e5fa4795eb191 av_two_third  avia-builder-el-1  el_after_av_fullscreen  el_before_av_one_third  avia-builder-el-first  first flex_column_div  av-animated-generic bottom-to-top av-zero-column-padding '   ><p><form action=\"https:\/\/globetrans.com.br\/site\/contato\/\" method=\"post\"  class=\"avia_ajax_form av-form-labels-visible   avia-builder-el-2  el_before_av_textblock  avia-builder-el-first   \" data-avia-form-id=\"1\" data-avia-redirect='' ><fieldset><p class='  first_form  form_element form_element_half' id='element_avia_1_1'><label for=\"avia_1_1\">Nome <abbr class=\"required\" title=\"required\">*<\/abbr><\/label> <input name=\"avia_1_1\" class=\"text_input is_empty\" type=\"text\" id=\"avia_1_1\" value=\"\" \/><\/p><p class='  form_element form_element_half' id='element_avia_2_1'><label for=\"avia_2_1\">E-Mail <abbr class=\"required\" title=\"required\">*<\/abbr><\/label> <input name=\"avia_2_1\" class=\"text_input is_email\" type=\"text\" id=\"avia_2_1\" value=\"\" \/><\/p><p class='  first_form  form_element form_element_half' id='element_avia_3_1'><label for=\"avia_3_1\">Assunto <abbr class=\"required\" title=\"required\">*<\/abbr><\/label> <input name=\"avia_3_1\" class=\"text_input is_empty\" type=\"text\" id=\"avia_3_1\" value=\"\" \/><\/p><p class='  first_form  form_element form_fullwidth av-last-visible-form-element' id='element_avia_4_1'><label for=\"avia_4_1\" class=\"textare_label hidden textare_label_avia_4_1\">Mensagem <abbr class=\"required\" title=\"required\">*<\/abbr><\/label><textarea  name=\"avia_4_1\" class=\"text_area is_empty\" cols=\"40\" rows=\"7\" id=\"avia_4_1\" ><\/textarea><\/p><p class=\"hidden\"><input type=\"text\" name=\"avia_5_1\" class=\"hidden \" id=\"avia_5_1\" value=\"\" \/><\/p><p class=\"form_element \"><input type=\"hidden\" value=\"1\" name=\"avia_generated_form1\" \/><input type=\"submit\" value=\"Enviar\" class=\"button\"  data-sending-label=\"Sending\"\/><\/p><\/fieldset><\/form><div id=\"ajaxresponse_1\" class=\"ajaxresponse ajaxresponse_1 hidden\"><\/div><br \/>\n<section  class='av_textblock_section av-lki94hvp-f5ac049fef6a8e02dbe6ae965e37612c'  itemscope=\"itemscope\" itemtype=\"https:\/\/schema.org\/CreativeWork\" ><div class='avia_textblock'  itemprop=\"text\" ><p align=\"justify\"><span style=\"font-weight: 400;\"><strong>Ao preencher este formul\u00e1rio, voc\u00ea confirma que concorda com o uso de seus dados pessoais pela GLOBETRANS LOGISTICS, conforme descrito em nossa Pol\u00edtica de Privacidade<\/strong><br \/>\n<\/span><\/p>\n<\/div><\/section><\/p><\/div>\n<style type=\"text\/css\" data-created_by=\"avia_inline_auto\" id=\"style-css-av-3x7w3-3cc9e747e59d8e66c52f113024cde1f2\">\n.flex_column.av-3x7w3-3cc9e747e59d8e66c52f113024cde1f2{\nborder-radius:0px 0px 0px 0px;\n-webkit-border-radius:0px 0px 0px 0px;\n-moz-border-radius:0px 0px 0px 0px;\n}\n<\/style>\n<div class='flex_column av-3x7w3-3cc9e747e59d8e66c52f113024cde1f2 av_one_third  avia-builder-el-4  el_after_av_two_third  avia-builder-el-last  flex_column_div  av-animated-generic bottom-to-top av-zero-column-padding '   ><p>\n<style type=\"text\/css\" data-created_by=\"avia_inline_auto\" id=\"style-css-av-8gojb-5ec095895dd19d341bc2aeeaeea3d434\">\n#top .av-special-heading.av-8gojb-5ec095895dd19d341bc2aeeaeea3d434{\npadding-bottom:0px;\n}\nbody .av-special-heading.av-8gojb-5ec095895dd19d341bc2aeeaeea3d434 .av-special-heading-tag .heading-char{\nfont-size:25px;\n}\n.av-special-heading.av-8gojb-5ec095895dd19d341bc2aeeaeea3d434 .av-subheading{\nfont-size:15px;\n}\n<\/style>\n<div  class='av-special-heading av-8gojb-5ec095895dd19d341bc2aeeaeea3d434 av-special-heading-h3 blockquote modern-quote  avia-builder-el-5  el_before_av_hr  avia-builder-el-first  av-thin-font'><h3 class='av-special-heading-tag'  itemprop=\"headline\"  ><strong>Fale Conosco<\/strong><\/h3><div class=\"special-heading-border\"><div class=\"special-heading-inner-border\"><\/div><\/div><\/div><br \/>\n\n<style type=\"text\/css\" data-created_by=\"avia_inline_auto\" id=\"style-css-av-84h13-8e0e5b9d9539d635035d431716a4fdee\">\n#top .hr.av-84h13-8e0e5b9d9539d635035d431716a4fdee{\nmargin-top:10px;\nmargin-bottom:10px;\n}\n.hr.av-84h13-8e0e5b9d9539d635035d431716a4fdee .hr-inner{\nwidth:50px;\nborder-color:#efbb20;\n}\n<\/style>\n<div  class='hr av-84h13-8e0e5b9d9539d635035d431716a4fdee hr-custom  avia-builder-el-6  el_after_av_heading  el_before_av_textblock  hr-left hr-icon-no'><span class='hr-inner inner-border-av-border-fat'><span class=\"hr-inner-style\"><\/span><\/span><\/div><br \/>\n<section  class='av_textblock_section av-286lb-497219a2d262eba5cdee2897706391ec'  itemscope=\"itemscope\" itemtype=\"https:\/\/schema.org\/CreativeWork\" ><div class='avia_textblock'  itemprop=\"text\" ><p align=\"justify\"><span style=\"font-weight: 400;\">Queremos ouvir voc\u00ea! Se tiver alguma d\u00favida ou caso precise de qualquer informa\u00e7\u00e3o espec\u00edfica, n\u00e3o hesite em entrar em contato conosco. Nossa equipe dedicada est\u00e1 aqui para ajudar e responder prontamente a todas as suas mensagens.\u00a0<\/span><\/p>\n<\/div><\/section><br \/>\n\n<style type=\"text\/css\" data-created_by=\"avia_inline_auto\" id=\"style-css-av-2srn3-2d7010b86a751923f0b949d9954300ad\">\n#top .hr.av-2srn3-2d7010b86a751923f0b949d9954300ad{\nmargin-top:10px;\nmargin-bottom:10px;\n}\n.hr.av-2srn3-2d7010b86a751923f0b949d9954300ad .hr-inner{\nwidth:50px;\nborder-color:#efbb20;\n}\n<\/style>\n<div  class='hr av-2srn3-2d7010b86a751923f0b949d9954300ad hr-custom  avia-builder-el-8  el_after_av_textblock  el_before_av_heading  hr-left hr-icon-no'><span class='hr-inner inner-border-av-border-fat'><span class=\"hr-inner-style\"><\/span><\/span><\/div><br \/>\n\n<style type=\"text\/css\" data-created_by=\"avia_inline_auto\" id=\"style-css-av-3boyv-af01c232221da583f8f18c8320288a43\">\n#top .av-special-heading.av-3boyv-af01c232221da583f8f18c8320288a43{\npadding-bottom:0px;\n}\nbody .av-special-heading.av-3boyv-af01c232221da583f8f18c8320288a43 .av-special-heading-tag .heading-char{\nfont-size:25px;\n}\n.av-special-heading.av-3boyv-af01c232221da583f8f18c8320288a43 .av-subheading{\nfont-size:15px;\n}\n<\/style>\n<div  class='av-special-heading av-3boyv-af01c232221da583f8f18c8320288a43 av-special-heading-h3 blockquote modern-quote  avia-builder-el-9  el_after_av_hr  el_before_av_hr  av-thin-font'><h3 class='av-special-heading-tag'  itemprop=\"headline\"  ><strong>Onde Estamos<\/strong><\/h3><div class=\"special-heading-border\"><div class=\"special-heading-inner-border\"><\/div><\/div><\/div><br \/>\n\n<style type=\"text\/css\" data-created_by=\"avia_inline_auto\" id=\"style-css-av-1jtw7-d72f9071baa84306c5e05acfc385d70b\">\n#top .hr.av-1jtw7-d72f9071baa84306c5e05acfc385d70b{\nmargin-top:10px;\nmargin-bottom:10px;\n}\n.hr.av-1jtw7-d72f9071baa84306c5e05acfc385d70b .hr-inner{\nwidth:50px;\nborder-color:#efbb20;\n}\n<\/style>\n<div  class='hr av-1jtw7-d72f9071baa84306c5e05acfc385d70b hr-custom  avia-builder-el-10  el_after_av_heading  el_before_av_textblock  hr-left hr-icon-no'><span class='hr-inner inner-border-av-border-fat'><span class=\"hr-inner-style\"><\/span><\/span><\/div><br \/>\n<section  class='av_textblock_section av-132f7-d8d4759d1b2a7571e992a0a0cdf82359'  itemscope=\"itemscope\" itemtype=\"https:\/\/schema.org\/CreativeWork\" ><div class='avia_textblock'  itemprop=\"text\" ><p><strong>Endere\u00e7o<\/strong><\/p>\n<p align=\"justify\">Unidade S\u00e3o Paulo: Av. Vereador Jos\u00e9 Diniz, 3530 &#8211; 2 andar &#8211; Campo Belo &#8211; S\u00e3o Paulo \u2013 SP CEP 04604-006<\/p>\n<p align=\"justify\"><strong>Telefone<\/strong><br \/>\n11 5561.6117<\/p>\n<p align=\"justify\">11 5561.6119<\/p>\n<p align=\"justify\">Unidade Santos: Rua Riachuelo, 121 &#8211; 5\u00ba Andar &#8211; Centro &#8211; Santos &#8211; SP &#8211; CEP 11010-021<\/p>\n<p align=\"justify\"><strong>Telefone<\/strong><br \/>\n13 3321.1007<\/p>\n<p align=\"justify\"><span style=\"font-weight: 400;\">Unidade Miami: 7751 Kingspointe Parkway Suite 119 Orlando, Florida 32819<\/span><\/p>\n<p align=\"justify\"><strong>Telefone<\/strong><\/p>\n<p>+1 (305) 432-2448<\/p>\n<\/div><\/section><\/p><\/div><\/p>\n","protected":false},"excerpt":{"rendered":"","protected":false},"author":1,"featured_media":0,"parent":0,"menu_order":0,"comment_status":"closed","ping_status":"closed","template":"","meta":[],"_links":{"self":[{"href":"https:\/\/globetrans.com.br\/site\/wp-json\/wp\/v2\/pages\/23"}],"collection":[{"href":"https:\/\/globetrans.com.br\/site\/wp-json\/wp\/v2\/pages"}],"about":[{"href":"https:\/\/globetrans.com.br\/site\/wp-json\/wp\/v2\/types\/page"}],"author":[{"embeddable":true,"href":"https:\/\/globetrans.com.br\/site\/wp-json\/wp\/v2\/users\/1"}],"replies":[{"embeddable":true,"href":"https:\/\/globetrans.com.br\/site\/wp-json\/wp\/v2\/comments?post=23"}],"version-history":[{"count":15,"href":"https:\/\/globetrans.com.br\/site\/wp-json\/wp\/v2\/pages\/23\/revisions"}],"predecessor-version":[{"id":494,"href":"https:\/\/globetrans.com.br\/site\/wp-json\/wp\/v2\/pages\/23\/revisions\/494"}],"wp:attachment":[{"href":"https:\/\/globetrans.com.br\/site\/wp-json\/wp\/v2\/media?parent=23"}],"curies":[{"name":"wp","href":"https:\/\/api.w.org\/{rel}","templated":true}]}}