{"id":31,"date":"2015-10-21T12:34:01","date_gmt":"2015-10-21T14:34:01","guid":{"rendered":"http:\/\/test.kriesi.at\/construction\/?page_id=31"},"modified":"2023-09-05T14:12:40","modified_gmt":"2023-09-05T17:12:40","slug":"a-empresa","status":"publish","type":"page","link":"https:\/\/globetrans.com.br\/site\/a-empresa\/","title":{"rendered":"A Empresa"},"content":{"rendered":"<div id='full_slider_1'  class='avia-fullwidth-slider main_color avia-shadow   avia-builder-el-0  el_before_av_section  avia-builder-el-first   container_wrap sidebar_right'  ><div  class='avia-slideshow av-o3nd3-33ffa1539cd39755cb2eedf66173a21e av-control-hidden avia-slideshow-featured av_slideshow_full avia-fade-slider av-default-height-applied   avia-slideshow-1'  data-size='featured'  data-lightbox_size='large'  data-animation='fade'  data-conditional_play=''  data-ids='876,327'  data-video_counter='0'  data-autoplay='true'  data-bg_slider='false'  data-slide_height=''  data-handle='av_slideshow_full'  data-interval='5'  data-class=''  data-extra_class=' '  data-el_id=''  data-css_id=''  data-scroll_down=''  data-control_layout='av-control-hidden'  data-custom_markup=''  data-perma_caption=''  data-autoplay_stopper=''  data-image_attachment=''  data-min_height='0px'  data-lazy_loading='disabled'  data-default-height='28.6666666667'  data-stretch=''  data-src=''  data-position='top left'  data-repeat='no-repeat'  data-attach='scroll'  data-img_scrset=''  data-av-desktop-hide=''  data-av-medium-hide=''  data-av-small-hide=''  data-av-mini-hide=''  data-id=''  data-custom_class=''  data-template_class=''  data-av_uid='av-o3nd3'  data-sc_version='1.0'  data-heading_tag=''  data-heading_class=''   itemprop=\"image\" itemscope=\"itemscope\" itemtype=\"https:\/\/schema.org\/ImageObject\" ><ul class='avia-slideshow-inner ' style='padding-bottom: 28.6666666667%;'><li  class='avia-slideshow-slide av-o3nd3-33ffa1539cd39755cb2eedf66173a21e__0  slide-1 ' ><div data-rel='slideshow-1' class='avia-slide-wrap '   ><img decoding=\"async\" class=\"wp-image-876 avia-img-lazy-loading-not-876\"  src=\"https:\/\/globetrans.com.br\/site\/wp-content\/uploads\/2023\/08\/emprsa3.jpg\" width=\"1500\" height=\"430\" title='emprsa3' alt=''  itemprop=\"thumbnailUrl\" srcset=\"https:\/\/globetrans.com.br\/site\/wp-content\/uploads\/2023\/08\/emprsa3.jpg 1500w, https:\/\/globetrans.com.br\/site\/wp-content\/uploads\/2023\/08\/emprsa3-300x86.jpg 300w, https:\/\/globetrans.com.br\/site\/wp-content\/uploads\/2023\/08\/emprsa3-1030x295.jpg 1030w, https:\/\/globetrans.com.br\/site\/wp-content\/uploads\/2023\/08\/emprsa3-768x220.jpg 768w, https:\/\/globetrans.com.br\/site\/wp-content\/uploads\/2023\/08\/emprsa3-705x202.jpg 705w\" sizes=\"(max-width: 1500px) 100vw, 1500px\" \/><\/div><\/li><li  class='avia-slideshow-slide av-o3nd3-33ffa1539cd39755cb2eedf66173a21e__1  slide-2 ' ><div data-rel='slideshow-1' class='avia-slide-wrap '   ><img decoding=\"async\" class=\"wp-image-327 avia-img-lazy-loading-not-327\"  src=\"https:\/\/globetrans.com.br\/site\/wp-content\/uploads\/2023\/07\/executives-negotiating-meeting-1500x430.jpg\" width=\"1500\" height=\"430\" title='Objects at workplace' alt=''  itemprop=\"thumbnailUrl\"   \/><\/div><\/li><\/ul><div class='avia-slideshow-arrows avia-slideshow-controls' ><a href='#prev' class='prev-slide ' aria-hidden='true' data-av_icon='\ue87c' data-av_iconfont='entypo-fontello'  tabindex='-1'>Anterior<\/a><a href='#next' class='next-slide ' aria-hidden='true' data-av_icon='\ue87d' data-av_iconfont='entypo-fontello'  tabindex='-1'>Pr\u00f3ximo<\/a><\/div><div class='avia-slideshow-dots avia-slideshow-controls'><a href='#1' class='goto-slide active' >1<\/a><a href='#2' class='goto-slide ' >2<\/a><\/div><\/div><\/div>\n<div id='av_section_1'  class='avia-section av-285o7-b87ea175838d7960105a449f8134f637 main_color avia-section-large avia-no-border-styling  avia-builder-el-1  el_after_av_slideshow_full  el_before_av_section  avia-bg-style-scroll container_wrap sidebar_right'  ><div class='container av-section-cont-open' ><div class='template-page content  av-content-small alpha units'><div class='post-entry post-entry-type-page post-entry-31'><div class='entry-content-wrapper clearfix'>\n\n<style type=\"text\/css\" data-created_by=\"avia_inline_auto\" id=\"style-css-av-26iev-81038ce3eeea48cb00fdd7acc61e73c8\">\n#top .av-special-heading.av-26iev-81038ce3eeea48cb00fdd7acc61e73c8{\npadding-bottom:0px;\n}\nbody .av-special-heading.av-26iev-81038ce3eeea48cb00fdd7acc61e73c8 .av-special-heading-tag .heading-char{\nfont-size:25px;\n}\n.av-special-heading.av-26iev-81038ce3eeea48cb00fdd7acc61e73c8 .av-subheading{\nfont-size:15px;\n}\n<\/style>\n<div  class='av-special-heading av-26iev-81038ce3eeea48cb00fdd7acc61e73c8 av-special-heading-h2 blockquote modern-quote modern-centered  avia-builder-el-2  el_before_av_hr  avia-builder-el-first '><h2 class='av-special-heading-tag'  itemprop=\"headline\"  >A Empresa<\/h2><div class=\"special-heading-border\"><div class=\"special-heading-inner-border\"><\/div><\/div><\/div>\n\n<style type=\"text\/css\" data-created_by=\"avia_inline_auto\" id=\"style-css-av-l4123-d21a859567fee1137ef14799a6306ef2\">\n#top .hr.av-l4123-d21a859567fee1137ef14799a6306ef2{\nmargin-top:5px;\nmargin-bottom:75px;\n}\n.hr.av-l4123-d21a859567fee1137ef14799a6306ef2 .hr-inner{\nwidth:50px;\nborder-color:#efbb20;\n}\n<\/style>\n<div  class='hr av-l4123-d21a859567fee1137ef14799a6306ef2 hr-custom  avia-builder-el-3  el_after_av_heading  el_before_av_textblock  hr-center hr-icon-no'><span class='hr-inner inner-border-av-border-fat'><span class=\"hr-inner-style\"><\/span><\/span><\/div>\n\n<style type=\"text\/css\" data-created_by=\"avia_inline_auto\" id=\"style-css-av-c3f3n-939608898a7667e3e59985ef7b390c77\">\n#top .av_textblock_section.av-c3f3n-939608898a7667e3e59985ef7b390c77 .avia_textblock{\nfont-size:20px;\n}\n<\/style>\n<section  class='av_textblock_section av-c3f3n-939608898a7667e3e59985ef7b390c77'  itemscope=\"itemscope\" itemtype=\"https:\/\/schema.org\/CreativeWork\" ><div class='avia_textblock'  itemprop=\"text\" ><p align=\"justify\"><span style=\"font-weight: 400;\">O nosso prop\u00f3sito \u00e9 ser confi\u00e1vel em todas as rela\u00e7\u00f5es e em todas as dimens\u00f5es: interna, sociedade e comunidade, clientes, investidores e institui\u00e7\u00f5es e, fornecedores. Assim, o respeito \u00e0s leis, \u00e0s normas e aos procedimentos estabelecidos s\u00e3o prioridades para a nossa empresa.<\/span><\/p>\n<p align=\"justify\"><span style=\"font-weight: 400;\">Atuamos de forma respons\u00e1vel com o compromisso de apresentar solu\u00e7\u00f5es log\u00edsticas que contribuam para a tomada de decis\u00f5es que possam impactar na melhoria da cadeia de suprimentos de nossos clientes, respeitando e agindo com base em nossos princ\u00edpios e valores para construir uma rela\u00e7\u00e3o de longo prazo.<\/span><\/p>\n<ul>\n<li style=\"font-weight: 400;\" aria-level=\"1\">\n<p align=\"justify\"><span style=\"font-weight: 400;\">Atuar com \u00c9tica e Credibilidade, Excel\u00eancia e Qualidade, para ser a primeira escolha do cliente;<\/span><\/p>\n<\/li>\n<li style=\"font-weight: 400;\" aria-level=\"1\">\n<p align=\"justify\"><span style=\"font-weight: 400;\">Respeito \u00e0s pessoas;<\/span><\/p>\n<\/li>\n<li style=\"font-weight: 400;\" aria-level=\"1\">\n<p align=\"justify\"><span style=\"font-weight: 400;\">Ser refer\u00eancia global em nosso mercado de atua\u00e7\u00e3o;<\/span><\/p>\n<\/li>\n<li style=\"font-weight: 400;\" aria-level=\"1\">\n<p align=\"justify\"><span style=\"font-weight: 400;\">Gerar valor aos clientes, colaboradores e \u00e0 sociedade, por meio do nosso trabalho com a presta\u00e7\u00e3o de servi\u00e7os voltados ao com\u00e9rcio exterior;<\/span><\/p>\n<\/li>\n<li style=\"font-weight: 400;\" aria-level=\"1\">\n<p align=\"justify\"><span style=\"font-weight: 400;\">Nortear nossas a\u00e7\u00f5es e servir como guia para todos aqueles que contribuem para a melhoria cont\u00ednua e crescimento de nossa companhia orientando a tomada de decis\u00f5es de maneira \u00e9tica e legal;<\/span><\/p>\n<\/li>\n<li style=\"font-weight: 400;\" aria-level=\"1\">\n<p align=\"justify\"><span style=\"font-weight: 400;\">Manter s\u00f3lido processo de avalia\u00e7\u00e3o de dados fornecido pelos nossos clientes para identificar e entender a natureza e o n\u00edvel de risco assumido pela empresa, avaliando adequadamente suas necessidades atuais e futuras;<\/span><\/p>\n<\/li>\n<li style=\"font-weight: 400;\" aria-level=\"1\">\n<p align=\"justify\"><span style=\"font-weight: 400;\">Formalizar processo de gerenciamento de atividades, considerando o perfil do cliente, do produto, da origem e proced\u00eancia e a quem se destina;<\/span><\/p>\n<\/li>\n<li style=\"font-weight: 400;\" aria-level=\"1\">\n<p align=\"justify\"><span style=\"font-weight: 400;\">Garantir estrutura apropriada que permita a implementa\u00e7\u00e3o e a adequada manuten\u00e7\u00e3o de controles que mitigam riscos;<\/span><\/p>\n<\/li>\n<li style=\"font-weight: 400;\" aria-level=\"1\">\n<p align=\"justify\"><span style=\"font-weight: 400;\">Assegurar a conformidade com leis e regulamentos estabelecidos pelos \u00f3rg\u00e3os reguladores;<\/span><\/p>\n<\/li>\n<li style=\"font-weight: 400;\" aria-level=\"1\">\n<p align=\"justify\"><span style=\"font-weight: 400;\">Avaliar e propor a\u00e7\u00f5es para a constante dissemina\u00e7\u00e3o da cultura de riscos e controles em todos os n\u00edveis da empresa, inclusive terceiros.<\/span><\/p>\n<\/li>\n<\/ul>\n<\/div><\/section>\n<\/div><\/div><\/div><!-- close content main div --><\/div><\/div><div id='av_section_2'  class='avia-section av-94yxb-1465e3378cb2f9ff5ac2eb7b02c6be42 main_color avia-section-large avia-no-border-styling  avia-builder-el-5  el_after_av_section  avia-builder-el-last  avia-bg-style-scroll container_wrap sidebar_right'  ><div class='container av-section-cont-open' ><div class='template-page content  av-content-small alpha units'><div class='post-entry post-entry-type-page post-entry-31'><div class='entry-content-wrapper clearfix'>\n\n<style type=\"text\/css\" data-created_by=\"avia_inline_auto\" id=\"style-css-av-8wpxn-6527ed1c9605017af37e114c05beeca2\">\n#top .av-special-heading.av-8wpxn-6527ed1c9605017af37e114c05beeca2{\npadding-bottom:0px;\n}\nbody .av-special-heading.av-8wpxn-6527ed1c9605017af37e114c05beeca2 .av-special-heading-tag .heading-char{\nfont-size:25px;\n}\n.av-special-heading.av-8wpxn-6527ed1c9605017af37e114c05beeca2 .av-subheading{\nfont-size:15px;\n}\n<\/style>\n<div  class='av-special-heading av-8wpxn-6527ed1c9605017af37e114c05beeca2 av-special-heading-h2 blockquote modern-quote modern-centered  avia-builder-el-6  el_before_av_hr  avia-builder-el-first '><h2 class='av-special-heading-tag'  itemprop=\"headline\"  >QUEM SOMOS. NOSSOS VALORES FUNDAMENTAIS. NOSSOS PRINC\u00cdPIOS<\/h2><div class=\"special-heading-border\"><div class=\"special-heading-inner-border\"><\/div><\/div><\/div>\n\n<style type=\"text\/css\" data-created_by=\"avia_inline_auto\" id=\"style-css-av-88k6j-05429c885ae5e1bc626a1718bb01fb3b\">\n#top .hr.av-88k6j-05429c885ae5e1bc626a1718bb01fb3b{\nmargin-top:5px;\nmargin-bottom:75px;\n}\n.hr.av-88k6j-05429c885ae5e1bc626a1718bb01fb3b .hr-inner{\nwidth:50px;\nborder-color:#efbb20;\n}\n<\/style>\n<div  class='hr av-88k6j-05429c885ae5e1bc626a1718bb01fb3b hr-custom  avia-builder-el-7  el_after_av_heading  el_before_av_one_third  hr-center hr-icon-no'><span class='hr-inner inner-border-av-border-fat'><span class=\"hr-inner-style\"><\/span><\/span><\/div>\n\n<style type=\"text\/css\" data-created_by=\"avia_inline_auto\" id=\"style-css-av-7lunz-789aeca28474f4805531c462b6063c8c\">\n.flex_column.av-7lunz-789aeca28474f4805531c462b6063c8c{\nborder-radius:0px 0px 0px 0px;\n-webkit-border-radius:0px 0px 0px 0px;\n-moz-border-radius:0px 0px 0px 0px;\n}\n<\/style>\n<div class='flex_column av-7lunz-789aeca28474f4805531c462b6063c8c av_one_third  avia-builder-el-8  el_after_av_hr  el_before_av_one_third  first flex_column_div  av-animated-generic bottom-to-top av-zero-column-padding '   ><article  class='iconbox iconbox_left_content av-6oan3-bb0afef8fed8c1fa5766cfbd38408d12  avia-builder-el-9  avia-builder-el-no-sibling '  itemscope=\"itemscope\" itemtype=\"https:\/\/schema.org\/CreativeWork\" ><div class=\"iconbox_icon heading-color\" aria-hidden='true' data-av_icon='\ue856' data-av_iconfont='entypo-fontello'><\/div><div class=\"iconbox_content\"><header class=\"entry-content-header\"><h3 class='iconbox_content_title '  itemprop=\"headline\" >N\u00d3S TEMOS AS FERRAMENTAS<\/h3><\/header><div class='iconbox_content_container '  itemprop=\"text\" ><p align=\"justify\"><span style=\"font-weight: 400;\">Buscamos constantemente inova\u00e7\u00e3o e efici\u00eancia para fornecer solu\u00e7\u00f5es log\u00edsticas de qualidade.<\/span><\/p>\n<\/div><\/div><footer class=\"entry-footer\"><\/footer><\/article><\/div>\n<style type=\"text\/css\" data-created_by=\"avia_inline_auto\" id=\"style-css-av-6939j-4aa9d42f1557b7df7891a0d24afbe341\">\n.flex_column.av-6939j-4aa9d42f1557b7df7891a0d24afbe341{\nborder-radius:0px 0px 0px 0px;\n-webkit-border-radius:0px 0px 0px 0px;\n-moz-border-radius:0px 0px 0px 0px;\n}\n<\/style>\n<div class='flex_column av-6939j-4aa9d42f1557b7df7891a0d24afbe341 av_one_third  avia-builder-el-10  el_after_av_one_third  el_before_av_one_third  flex_column_div  av-animated-generic bottom-to-top av-zero-column-padding '   ><article  class='iconbox iconbox_left_content av-5xjdb-5216fc830d0f1ee8b19b56dd5380a9b2  avia-builder-el-11  avia-builder-el-no-sibling '  itemscope=\"itemscope\" itemtype=\"https:\/\/schema.org\/CreativeWork\" ><div class=\"iconbox_icon heading-color\" aria-hidden='true' data-av_icon='\ue84d' data-av_iconfont='entypo-fontello'><\/div><div class=\"iconbox_content\"><header class=\"entry-content-header\"><h3 class='iconbox_content_title '  itemprop=\"headline\" >SEGURAN\u00c7A CERTIFICADA<\/h3><\/header><div class='iconbox_content_container '  itemprop=\"text\" ><p align=\"justify\"><span style=\"font-weight: 400;\">Valorizamos a seguran\u00e7a em todas as nossas opera\u00e7\u00f5es, adotando rigorosos padr\u00f5es de seguran\u00e7a e conformidade.<\/span><\/p>\n<\/div><\/div><footer class=\"entry-footer\"><\/footer><\/article><\/div>\n<style type=\"text\/css\" data-created_by=\"avia_inline_auto\" id=\"style-css-av-4xd1z-6cdd887a444702e2ccaacab21b97efc2\">\n.flex_column.av-4xd1z-6cdd887a444702e2ccaacab21b97efc2{\nborder-radius:0px 0px 0px 0px;\n-webkit-border-radius:0px 0px 0px 0px;\n-moz-border-radius:0px 0px 0px 0px;\n}\n<\/style>\n<div class='flex_column av-4xd1z-6cdd887a444702e2ccaacab21b97efc2 av_one_third  avia-builder-el-12  el_after_av_one_third  el_before_av_one_third  flex_column_div  av-animated-generic bottom-to-top av-zero-column-padding '   ><article  class='iconbox iconbox_left_content av-4llfz-3f8cb00f71ceff91ae7eef714632f209  avia-builder-el-13  avia-builder-el-no-sibling '  itemscope=\"itemscope\" itemtype=\"https:\/\/schema.org\/CreativeWork\" ><div class=\"iconbox_icon heading-color\" aria-hidden='true' data-av_icon='\ue8cf' data-av_iconfont='entypo-fontello'><\/div><div class=\"iconbox_content\"><header class=\"entry-content-header\"><h3 class='iconbox_content_title '  itemprop=\"headline\" >PRE\u00c7OS COMPETITIVOS<\/h3><\/header><div class='iconbox_content_container '  itemprop=\"text\" ><p align=\"justify\"><span style=\"font-weight: 400;\">Oferecemos servi\u00e7os log\u00edsticos com pre\u00e7os competitivos, visando atender \u00e0s necessidades do mercado.<\/span><\/p>\n<\/div><\/div><footer class=\"entry-footer\"><\/footer><\/article><\/div>\n<style type=\"text\/css\" data-created_by=\"avia_inline_auto\" id=\"style-css-av-3rgsr-654339a3a41d638a1ff5cfb589f8007d\">\n.flex_column.av-3rgsr-654339a3a41d638a1ff5cfb589f8007d{\nborder-radius:0px 0px 0px 0px;\n-webkit-border-radius:0px 0px 0px 0px;\n-moz-border-radius:0px 0px 0px 0px;\n}\n<\/style>\n<div class='flex_column av-3rgsr-654339a3a41d638a1ff5cfb589f8007d av_one_third  avia-builder-el-14  el_after_av_one_third  el_before_av_one_third  first flex_column_div  av-animated-generic bottom-to-top av-zero-column-padding column-top-margin'   ><article  class='iconbox iconbox_left_content av-3gmr3-bcd43f8ebc9088dc40e42e333ced8599  avia-builder-el-15  avia-builder-el-no-sibling '  itemscope=\"itemscope\" itemtype=\"https:\/\/schema.org\/CreativeWork\" ><div class=\"iconbox_icon heading-color\" aria-hidden='true' data-av_icon='\ue8c2' data-av_iconfont='entypo-fontello'><\/div><div class=\"iconbox_content\"><header class=\"entry-content-header\"><h3 class='iconbox_content_title '  itemprop=\"headline\" >QUALIDADE E GARANTIA CONT\u00cdNUA<\/h3><\/header><div class='iconbox_content_container '  itemprop=\"text\" ><p align=\"justify\"><span style=\"font-weight: 400;\">\u00a0Priorizamos a pontualidade em nossas opera\u00e7\u00f5es, garantindo que suas entregas sejam realizadas dentro dos prazos acordados.<\/span><\/p>\n<\/div><\/div><footer class=\"entry-footer\"><\/footer><\/article><\/div>\n<style type=\"text\/css\" data-created_by=\"avia_inline_auto\" id=\"style-css-av-2hep3-9f807db2294ed4093011e4eba1fb51da\">\n.flex_column.av-2hep3-9f807db2294ed4093011e4eba1fb51da{\nborder-radius:0px 0px 0px 0px;\n-webkit-border-radius:0px 0px 0px 0px;\n-moz-border-radius:0px 0px 0px 0px;\n}\n<\/style>\n<div class='flex_column av-2hep3-9f807db2294ed4093011e4eba1fb51da av_one_third  avia-builder-el-16  el_after_av_one_third  el_before_av_one_third  flex_column_div  av-animated-generic bottom-to-top av-zero-column-padding column-top-margin'   ><article  class='iconbox iconbox_left_content av-24wxf-5415125e24699f0a2bb33cccb2a7b391  avia-builder-el-17  avia-builder-el-no-sibling '  itemscope=\"itemscope\" itemtype=\"https:\/\/schema.org\/CreativeWork\" ><div class=\"iconbox_icon heading-color\" aria-hidden='true' data-av_icon='\ue862' data-av_iconfont='entypo-fontello'><\/div><div class=\"iconbox_content\"><header class=\"entry-content-header\"><h3 class='iconbox_content_title '  itemprop=\"headline\" >EXPERI\u00caNCIA NO MERCADO<\/h3><\/header><div class='iconbox_content_container '  itemprop=\"text\" ><p align=\"justify\"><span style=\"font-weight: 400;\">15 anos de dedica\u00e7\u00e3o e expertise em nosso ramo.<\/span><\/p>\n<\/div><\/div><footer class=\"entry-footer\"><\/footer><\/article><\/div>\n<style type=\"text\/css\" data-created_by=\"avia_inline_auto\" id=\"style-css-av-1irjv-f3fe2d03eeb99eaa36fd6a810537146f\">\n.flex_column.av-1irjv-f3fe2d03eeb99eaa36fd6a810537146f{\nborder-radius:0px 0px 0px 0px;\n-webkit-border-radius:0px 0px 0px 0px;\n-moz-border-radius:0px 0px 0px 0px;\n}\n<\/style>\n<div class='flex_column av-1irjv-f3fe2d03eeb99eaa36fd6a810537146f av_one_third  avia-builder-el-18  el_after_av_one_third  avia-builder-el-last  flex_column_div  av-animated-generic bottom-to-top av-zero-column-padding column-top-margin'   ><article  class='iconbox iconbox_left_content av-3mfb-012e21f942f17948990b9483c4b64428  avia-builder-el-19  avia-builder-el-no-sibling '  itemscope=\"itemscope\" itemtype=\"https:\/\/schema.org\/CreativeWork\" ><div class=\"iconbox_icon heading-color\" aria-hidden='true' data-av_icon='\ue8b9' data-av_iconfont='entypo-fontello'><\/div><div class=\"iconbox_content\"><header class=\"entry-content-header\"><h3 class='iconbox_content_title '  itemprop=\"headline\" >APOIO \u00c0 DECIS\u00c3O<\/h3><\/header><div class='iconbox_content_container '  itemprop=\"text\" ><p align=\"justify\"><span style=\"font-weight: 400;\">Nosso compromisso \u00e9 fornecer suporte excepcional ao cliente, garantindo que suas necessidades log\u00edsticas sejam atendidas com efici\u00eancia e cuidado.<\/span><\/p>\n<\/div><\/div><footer class=\"entry-footer\"><\/footer><\/article><\/div>\n<\/div><\/div><\/div><!-- close content main div --><\/div><\/div><div id='after_section_2'  class='main_color av_default_container_wrap container_wrap sidebar_right'  ><div class='container av-section-cont-open' ><div class='template-page content  av-content-small alpha units'><div class='post-entry post-entry-type-page post-entry-31'><div class='entry-content-wrapper clearfix'><\/p>\n","protected":false},"excerpt":{"rendered":"","protected":false},"author":1,"featured_media":0,"parent":0,"menu_order":0,"comment_status":"closed","ping_status":"closed","template":"","meta":[],"_links":{"self":[{"href":"https:\/\/globetrans.com.br\/site\/wp-json\/wp\/v2\/pages\/31"}],"collection":[{"href":"https:\/\/globetrans.com.br\/site\/wp-json\/wp\/v2\/pages"}],"about":[{"href":"https:\/\/globetrans.com.br\/site\/wp-json\/wp\/v2\/types\/page"}],"author":[{"embeddable":true,"href":"https:\/\/globetrans.com.br\/site\/wp-json\/wp\/v2\/users\/1"}],"replies":[{"embeddable":true,"href":"https:\/\/globetrans.com.br\/site\/wp-json\/wp\/v2\/comments?post=31"}],"version-history":[{"count":44,"href":"https:\/\/globetrans.com.br\/site\/wp-json\/wp\/v2\/pages\/31\/revisions"}],"predecessor-version":[{"id":902,"href":"https:\/\/globetrans.com.br\/site\/wp-json\/wp\/v2\/pages\/31\/revisions\/902"}],"wp:attachment":[{"href":"https:\/\/globetrans.com.br\/site\/wp-json\/wp\/v2\/media?parent=31"}],"curies":[{"name":"wp","href":"https:\/\/api.w.org\/{rel}","templated":true}]}}